{"id":14,"date":"2021-01-25T21:07:05","date_gmt":"2021-01-25T20:07:05","guid":{"rendered":"http:\/\/sciroccoh.it\/shop\/?post_type=product&#038;p=14"},"modified":"2026-01-14T15:56:55","modified_gmt":"2026-01-14T14:56:55","slug":"shadow","status":"publish","type":"product","link":"https:\/\/www.sciroccoh.it\/configurator\/prodotto\/shadow\/","title":{"rendered":"Shadow"},"content":{"rendered":"<p>Su misura come un vestito d\u2019alta sartoria creato centimetro dopo centimetro \u00e9 ispirato agli elementi frangisole che proteggono le finestre. Shadow \u00e8 un radiatore di design e scaldasalviette completamente personalizzabile realizzato in acciaio con elementi sezione tubo tondo orizzontali da 14 mm di diametro incastonati in una cornice a sezione quadrata 30\u00d730 mm. In base alla resa termica necessaria e lo spazio a disposizione Shadow pu\u00f2 essere creato con le dimensioni ideali. Disponibile con funzionamento idraulico, elettrico e misto pu\u00f2 essere completato con le barre porta salviette della nuova serie d\u2019accessori ROD. In particolare la versione ROD L si estende oltre Shadow cos\u00ec da permettere una migliore sistemazione delle salviette lasciando il suo design pulito e minimale.<\/p>\n<p>&#8220;Custom-made like a high-tailoring suit, created inch by inch, it is inspired by the sunshade elements that protect windows. Shadow is a designer radiator and towel warmer, fully customizable, made of steel with 14 mm diameter horizontal round tube sections embedded in a 30\u00d730 mm square section frame. Based on the required thermal output and available space, Shadow can be created with the ideal dimensions. Available in hydraulic, electric, and mixed versions, it can be completed with towel bars from the new ROD accessory series. In particular, the ROD L version extends beyond Shadow, allowing for better towel placement while maintaining its clean and minimal design.&#8221;<\/p>\n","protected":false},"excerpt":{"rendered":"<p>Su misura come un vestito d\u2019alta sartoria creato centimetro dopo centimetro \u00e9 ispirato agli elementi frangisole che proteggono le finestre. Shadow \u00e8 un radiatore di design e scaldasalviette completamente personalizzabile realizzato in acciaio con elementi sezione tubo tondo orizzontali da 14 mm di diametro incastonati in una cornice a sezione<span class=\"more-link\"><a href=\"https:\/\/www.sciroccoh.it\/configurator\/prodotto\/shadow\/\">Read More &rarr;<\/a><\/span><\/p>\n","protected":false},"featured_media":4390,"template":"","meta":[],"product_cat":[15],"product_tag":[],"class_list":["entry","author-scirodesy","post-14","product","type-product","status-publish","has-post-thumbnail","product_cat-senza-categoria"],"_links":{"self":[{"href":"https:\/\/www.sciroccoh.it\/configurator\/wp-json\/wp\/v2\/product\/14","targetHints":{"allow":["GET"]}}],"collection":[{"href":"https:\/\/www.sciroccoh.it\/configurator\/wp-json\/wp\/v2\/product"}],"about":[{"href":"https:\/\/www.sciroccoh.it\/configurator\/wp-json\/wp\/v2\/types\/product"}],"wp:featuredmedia":[{"embeddable":true,"href":"https:\/\/www.sciroccoh.it\/configurator\/wp-json\/wp\/v2\/media\/4390"}],"wp:attachment":[{"href":"https:\/\/www.sciroccoh.it\/configurator\/wp-json\/wp\/v2\/media?parent=14"}],"wp:term":[{"taxonomy":"product_cat","embeddable":true,"href":"https:\/\/www.sciroccoh.it\/configurator\/wp-json\/wp\/v2\/product_cat?post=14"},{"taxonomy":"product_tag","embeddable":true,"href":"https:\/\/www.sciroccoh.it\/configurator\/wp-json\/wp\/v2\/product_tag?post=14"}],"curies":[{"name":"wp","href":"https:\/\/api.w.org\/{rel}","templated":true}]}}